{"id":152,"date":"2022-01-15T10:00:28","date_gmt":"2022-01-15T10:00:28","guid":{"rendered":"http:\/\/esmorzarsdeforquilla.cat\/?page_id=152"},"modified":"2023-02-15T15:06:49","modified_gmt":"2023-02-15T15:06:49","slug":"que-son-els-esmorzars-de-forquilla","status":"publish","type":"page","link":"https:\/\/esmorzarsdeforquilla.cat\/","title":{"rendered":"Qu\u00e8 s\u00f3n els esmorzars de forquilla?"},"content":{"rendered":"\n<p><strong>Benvinguts<\/strong> <strong>a aquesta web gastron\u00f2mica<\/strong>, on volem posar en relleu una de les tradicions culin\u00e0ries m\u00e9s arrelades a Catalunya, com s\u00f3n els esmorzars de forquilla. Ara b\u00e9, <strong>saps qu\u00e8 \u00e9s un esmorzar de forquilla? <\/strong><\/p>\n\n\n\n<p><strong>L&#8217;esmorzar \u00e9s el primer \u00e0pat del dia i per molts el m\u00e9s important<\/strong>. A Catalunya tenim el costum de reunir-nos amb una bona taula, amb familiars o amics i amigues i gaudir-lo com toca: <strong>Amb un plat de cuina catalana, casolana &amp; tradicional<\/strong>, un bon porr\u00f3 de vi, un senyor cigal\u00f3 i una gran sobretaula amb els qui t&#8217;acompanyen. I si aix\u00f2 \u00e9s en un local, Bar o Restaurant, que per tu sigui <strong>ben aut\u00e8ntic i\/o carism\u00e0tic, &#8220;oli en un llum&#8221;<\/strong>.<\/p>\n\n\n\n<p><strong>Galtes de porc, &#8220;callos&#8221;, bacall\u00e0, cap i pota, cua de bou, lleteroles, peus de porc, ous ferrats, carns a la brasa,<\/strong> <strong>sardines, xipirinons, truites variades, taules d&#8217;embotits &amp; formatges<\/strong> i un llarg etc\u00e8tera, de plats cuinats de diferents maneres, d&#8217;aix\u00f2 a Catalunya en diem: <strong>Esmorzars de forquilla!<\/strong><\/p>\n\n\n\n<p><\/p>\n\n\n\n<figure class=\"wp-block-image size-large\"><img loading=\"lazy\" decoding=\"async\" width=\"1024\" height=\"1024\" src=\"http:\/\/esmorzarsdeforquilla.cat\/wp-content\/uploads\/2022\/01\/cropped-Galtes-vendrell-1024x1024.jpg\" alt=\"\" class=\"wp-image-63\" srcset=\"https:\/\/esmorzarsdeforquilla.cat\/wp-content\/uploads\/2022\/01\/cropped-Galtes-vendrell-1024x1024.jpg 1024w, https:\/\/esmorzarsdeforquilla.cat\/wp-content\/uploads\/2022\/01\/cropped-Galtes-vendrell-300x300.jpg 300w, https:\/\/esmorzarsdeforquilla.cat\/wp-content\/uploads\/2022\/01\/cropped-Galtes-vendrell-150x150.jpg 150w, https:\/\/esmorzarsdeforquilla.cat\/wp-content\/uploads\/2022\/01\/cropped-Galtes-vendrell-768x768.jpg 768w, https:\/\/esmorzarsdeforquilla.cat\/wp-content\/uploads\/2022\/01\/cropped-Galtes-vendrell-1536x1536.jpg 1536w, https:\/\/esmorzarsdeforquilla.cat\/wp-content\/uploads\/2022\/01\/cropped-Galtes-vendrell.jpg 1920w\" sizes=\"auto, (max-width: 1024px) 100vw, 1024px\" \/><figcaption class=\"wp-element-caption\">Galtes de porc a la Brasa (Restaurant el Celler d&#8217;Aiguaviva &#8211; Aiguaviva &#8211; Baix Pened\u00e8s)<\/figcaption><\/figure>\n","protected":false},"excerpt":{"rendered":"<p>Benvinguts a aquesta web gastron\u00f2mica, on volem posar en relleu una de les tradicions culin\u00e0ries m\u00e9s arrelades a Catalunya, com s\u00f3n els esmorzars de forquilla. Ara b\u00e9, saps qu\u00e8 \u00e9s un esmorzar de forquilla? L&#8217;esmorzar \u00e9s el primer \u00e0pat del dia i per molts el m\u00e9s important. A Catalunya tenim el costum de reunir-nos amb una bona taula, amb familiars o amics i amigues i gaudir-lo com toca: Amb un plat de cuina catalana, casolana &amp; tradicional, un bon porr\u00f3 de vi, un senyor cigal\u00f3 i una gran sobretaula amb els qui t&#8217;acompanyen. I si aix\u00f2 \u00e9s en un local, Bar o Restaurant, que per tu sigui ben aut\u00e8ntic i\/o carism\u00e0tic, &#8220;oli en un llum&#8221;. Galtes de porc, &#8220;callos&#8221;, bacall\u00e0, cap i pota, cua de bou, lleteroles, peus de porc, ous ferrats, carns a la brasa, sardines, xipirinons, truites variades, taules d&#8217;embotits &amp; formatges i un llarg etc\u00e8tera, de plats cuinats de diferents maneres, d&#8217;aix\u00f2 a Catalunya en diem: Esmorzars de forquilla!<\/p>\n","protected":false},"author":1,"featured_media":0,"parent":0,"menu_order":0,"comment_status":"closed","ping_status":"closed","template":"","meta":{"footnotes":""},"class_list":["post-152","page","type-page","status-publish","hentry"],"yoast_head":"<!-- This site is optimized with the Yoast SEO plugin v17.9 - https:\/\/yoast.com\/wordpress\/plugins\/seo\/ -->\n<title>Qu\u00e8 s\u00f3n els esmorzars de forquilla? - \ud835\udd70\ud835\udd98\ud835\udd92\ud835\udd94\ud835\udd97\ud835\udd9f\ud835\udd86\ud835\udd97\ud835\udd98 \ud835\udd89\ud835\udd8a \ud835\udd71\ud835\udd94\ud835\udd97\ud835\udd96\ud835\udd9a\ud835\udd8e\ud835\udd91\ud835\udd91\ud835\udd86 \ud835\udd77\ud835\udd91\ud835\udd8a\ud835\udd8e\ud835\udd89\ud835\udd86 &amp; \ud835\udd6e\ud835\udd86\ud835\udd99\ud835\udd86\ud835\udd91\ud835\udd9a\ud835\udd93\ud835\udd9e\ud835\udd86<\/title>\n<meta name=\"robots\" content=\"index, follow, max-snippet:-1, max-image-preview:large, max-video-preview:-1\" \/>\n<link rel=\"canonical\" href=\"https:\/\/esmorzarsdeforquilla.cat\/\" \/>\n<meta property=\"og:locale\" content=\"ca_ES\" \/>\n<meta property=\"og:type\" content=\"article\" \/>\n<meta property=\"og:title\" content=\"Qu\u00e8 s\u00f3n els esmorzars de forquilla? - \ud835\udd70\ud835\udd98\ud835\udd92\ud835\udd94\ud835\udd97\ud835\udd9f\ud835\udd86\ud835\udd97\ud835\udd98 \ud835\udd89\ud835\udd8a \ud835\udd71\ud835\udd94\ud835\udd97\ud835\udd96\ud835\udd9a\ud835\udd8e\ud835\udd91\ud835\udd91\ud835\udd86 \ud835\udd77\ud835\udd91\ud835\udd8a\ud835\udd8e\ud835\udd89\ud835\udd86 &amp; \ud835\udd6e\ud835\udd86\ud835\udd99\ud835\udd86\ud835\udd91\ud835\udd9a\ud835\udd93\ud835\udd9e\ud835\udd86\" \/>\n<meta property=\"og:description\" content=\"Benvinguts a aquesta web gastron\u00f2mica, on volem posar en relleu una de les tradicions culin\u00e0ries m\u00e9s arrelades a Catalunya, com s\u00f3n els esmorzars de forquilla. Ara b\u00e9, saps qu\u00e8 \u00e9s un esmorzar de forquilla? L&#8217;esmorzar \u00e9s el primer \u00e0pat del dia i per molts el m\u00e9s important. A Catalunya tenim el costum de reunir-nos amb una bona taula, amb familiars o amics i amigues i gaudir-lo com toca: Amb un plat de cuina catalana, casolana &amp; tradicional, un bon porr\u00f3 de vi, un senyor cigal\u00f3 i una gran sobretaula amb els qui t&#8217;acompanyen. I si aix\u00f2 \u00e9s en un local, Bar o Restaurant, que per tu sigui ben aut\u00e8ntic i\/o carism\u00e0tic, &#8220;oli en un llum&#8221;. Galtes de porc, &#8220;callos&#8221;, bacall\u00e0, cap i pota, cua de bou, lleteroles, peus de porc, ous ferrats, carns a la brasa, sardines, xipirinons, truites variades, taules d&#8217;embotits &amp; formatges i un llarg etc\u00e8tera, de plats cuinats de diferents maneres, d&#8217;aix\u00f2 a Catalunya en diem: Esmorzars de forquilla!\" \/>\n<meta property=\"og:url\" content=\"https:\/\/esmorzarsdeforquilla.cat\/\" \/>\n<meta property=\"og:site_name\" content=\"\ud835\udd70\ud835\udd98\ud835\udd92\ud835\udd94\ud835\udd97\ud835\udd9f\ud835\udd86\ud835\udd97\ud835\udd98 \ud835\udd89\ud835\udd8a \ud835\udd71\ud835\udd94\ud835\udd97\ud835\udd96\ud835\udd9a\ud835\udd8e\ud835\udd91\ud835\udd91\ud835\udd86 \ud835\udd77\ud835\udd91\ud835\udd8a\ud835\udd8e\ud835\udd89\ud835\udd86 &amp; \ud835\udd6e\ud835\udd86\ud835\udd99\ud835\udd86\ud835\udd91\ud835\udd9a\ud835\udd93\ud835\udd9e\ud835\udd86\" \/>\n<meta property=\"article:modified_time\" content=\"2023-02-15T15:06:49+00:00\" \/>\n<meta property=\"og:image\" content=\"http:\/\/esmorzarsdeforquilla.cat\/wp-content\/uploads\/2022\/01\/cropped-Galtes-vendrell-1024x1024.jpg\" \/>\n<meta name=\"twitter:card\" content=\"summary_large_image\" \/>\n<meta name=\"twitter:label1\" content=\"Temps estimat de lectura\" \/>\n\t<meta name=\"twitter:data1\" content=\"2 minuts\" \/>\n<script type=\"application\/ld+json\" class=\"yoast-schema-graph\">{\"@context\":\"https:\/\/schema.org\",\"@graph\":[{\"@type\":\"WebSite\",\"@id\":\"https:\/\/esmorzarsdeforquilla.cat\/#website\",\"url\":\"https:\/\/esmorzarsdeforquilla.cat\/\",\"name\":\"\\ud835\\udd70\\ud835\\udd98\\ud835\\udd92\\ud835\\udd94\\ud835\\udd97\\ud835\\udd9f\\ud835\\udd86\\ud835\\udd97\\ud835\\udd98 \\ud835\\udd89\\ud835\\udd8a \\ud835\\udd71\\ud835\\udd94\\ud835\\udd97\\ud835\\udd96\\ud835\\udd9a\\ud835\\udd8e\\ud835\\udd91\\ud835\\udd91\\ud835\\udd86 \\ud835\\udd77\\ud835\\udd91\\ud835\\udd8a\\ud835\\udd8e\\ud835\\udd89\\ud835\\udd86 &amp; \\ud835\\udd6e\\ud835\\udd86\\ud835\\udd99\\ud835\\udd86\\ud835\\udd91\\ud835\\udd9a\\ud835\\udd93\\ud835\\udd9e\\ud835\\udd86\",\"description\":\"\\ud835\\udd70\\ud835\\udd91\\ud835\\udd98 \\ud835\\udd92\\ud835\\udd8e\\ud835\\udd91\\ud835\\udd91\\ud835\\udd94\\ud835\\udd97\\ud835\\udd98 \\ud835\\udd8a\\ud835\\udd98\\ud835\\udd92\\ud835\\udd94\\ud835\\udd97\\ud835\\udd9f\\ud835\\udd86\\ud835\\udd97\\ud835\\udd98 \\ud835\\udd89\\ud835\\udd8a \\ud835\\udd8b\\ud835\\udd94\\ud835\\udd97\\ud835\\udd96\\ud835\\udd9a\\ud835\\udd8e\\ud835\\udd91\\ud835\\udd91\\ud835\\udd86 \\ud835\\udd86 \\ud835\\udd77\\ud835\\udd91\\ud835\\udd8a\\ud835\\udd8e\\ud835\\udd89\\ud835\\udd86, \\ud835\\udd6e\\ud835\\udd86\\ud835\\udd99\\ud835\\udd86\\ud835\\udd91\\ud835\\udd9a\\ud835\\udd93\\ud835\\udd9e\\ud835\\udd86 \\ud835\\udd8e \\ud835\\udd86\\ud835\\udd97\\ud835\\udd97\\ud835\\udd8a\\ud835\\udd9a\",\"potentialAction\":[{\"@type\":\"SearchAction\",\"target\":{\"@type\":\"EntryPoint\",\"urlTemplate\":\"https:\/\/esmorzarsdeforquilla.cat\/?s={search_term_string}\"},\"query-input\":\"required name=search_term_string\"}],\"inLanguage\":\"ca\"},{\"@type\":\"ImageObject\",\"@id\":\"https:\/\/esmorzarsdeforquilla.cat\/#primaryimage\",\"inLanguage\":\"ca\",\"url\":\"http:\/\/esmorzarsdeforquilla.cat\/wp-content\/uploads\/2022\/01\/cropped-Galtes-vendrell-1024x1024.jpg\",\"contentUrl\":\"http:\/\/esmorzarsdeforquilla.cat\/wp-content\/uploads\/2022\/01\/cropped-Galtes-vendrell-1024x1024.jpg\"},{\"@type\":\"WebPage\",\"@id\":\"https:\/\/esmorzarsdeforquilla.cat\/#webpage\",\"url\":\"https:\/\/esmorzarsdeforquilla.cat\/\",\"name\":\"Qu\\u00e8 s\\u00f3n els esmorzars de forquilla? - \\ud835\\udd70\\ud835\\udd98\\ud835\\udd92\\ud835\\udd94\\ud835\\udd97\\ud835\\udd9f\\ud835\\udd86\\ud835\\udd97\\ud835\\udd98 \\ud835\\udd89\\ud835\\udd8a \\ud835\\udd71\\ud835\\udd94\\ud835\\udd97\\ud835\\udd96\\ud835\\udd9a\\ud835\\udd8e\\ud835\\udd91\\ud835\\udd91\\ud835\\udd86 \\ud835\\udd77\\ud835\\udd91\\ud835\\udd8a\\ud835\\udd8e\\ud835\\udd89\\ud835\\udd86 &amp; \\ud835\\udd6e\\ud835\\udd86\\ud835\\udd99\\ud835\\udd86\\ud835\\udd91\\ud835\\udd9a\\ud835\\udd93\\ud835\\udd9e\\ud835\\udd86\",\"isPartOf\":{\"@id\":\"https:\/\/esmorzarsdeforquilla.cat\/#website\"},\"primaryImageOfPage\":{\"@id\":\"https:\/\/esmorzarsdeforquilla.cat\/#primaryimage\"},\"datePublished\":\"2022-01-15T10:00:28+00:00\",\"dateModified\":\"2023-02-15T15:06:49+00:00\",\"breadcrumb\":{\"@id\":\"https:\/\/esmorzarsdeforquilla.cat\/#breadcrumb\"},\"inLanguage\":\"ca\",\"potentialAction\":[{\"@type\":\"ReadAction\",\"target\":[\"https:\/\/esmorzarsdeforquilla.cat\/\"]}]},{\"@type\":\"BreadcrumbList\",\"@id\":\"https:\/\/esmorzarsdeforquilla.cat\/#breadcrumb\",\"itemListElement\":[{\"@type\":\"ListItem\",\"position\":1,\"name\":\"Inici\",\"item\":\"https:\/\/esmorzarsdeforquilla.cat\/\"},{\"@type\":\"ListItem\",\"position\":2,\"name\":\"Qu\\u00e8 s\\u00f3n els esmorzars de forquilla?\"}]}]}<\/script>\n<!-- \/ Yoast SEO plugin. -->","yoast_head_json":{"title":"Qu\u00e8 s\u00f3n els esmorzars de forquilla? - \ud835\udd70\ud835\udd98\ud835\udd92\ud835\udd94\ud835\udd97\ud835\udd9f\ud835\udd86\ud835\udd97\ud835\udd98 \ud835\udd89\ud835\udd8a \ud835\udd71\ud835\udd94\ud835\udd97\ud835\udd96\ud835\udd9a\ud835\udd8e\ud835\udd91\ud835\udd91\ud835\udd86 \ud835\udd77\ud835\udd91\ud835\udd8a\ud835\udd8e\ud835\udd89\ud835\udd86 &amp; \ud835\udd6e\ud835\udd86\ud835\udd99\ud835\udd86\ud835\udd91\ud835\udd9a\ud835\udd93\ud835\udd9e\ud835\udd86","robots":{"index":"index","follow":"follow","max-snippet":"max-snippet:-1","max-image-preview":"max-image-preview:large","max-video-preview":"max-video-preview:-1"},"canonical":"https:\/\/esmorzarsdeforquilla.cat\/","og_locale":"ca_ES","og_type":"article","og_title":"Qu\u00e8 s\u00f3n els esmorzars de forquilla? - \ud835\udd70\ud835\udd98\ud835\udd92\ud835\udd94\ud835\udd97\ud835\udd9f\ud835\udd86\ud835\udd97\ud835\udd98 \ud835\udd89\ud835\udd8a \ud835\udd71\ud835\udd94\ud835\udd97\ud835\udd96\ud835\udd9a\ud835\udd8e\ud835\udd91\ud835\udd91\ud835\udd86 \ud835\udd77\ud835\udd91\ud835\udd8a\ud835\udd8e\ud835\udd89\ud835\udd86 &amp; \ud835\udd6e\ud835\udd86\ud835\udd99\ud835\udd86\ud835\udd91\ud835\udd9a\ud835\udd93\ud835\udd9e\ud835\udd86","og_description":"Benvinguts a aquesta web gastron\u00f2mica, on volem posar en relleu una de les tradicions culin\u00e0ries m\u00e9s arrelades a Catalunya, com s\u00f3n els esmorzars de forquilla. Ara b\u00e9, saps qu\u00e8 \u00e9s un esmorzar de forquilla? L&#8217;esmorzar \u00e9s el primer \u00e0pat del dia i per molts el m\u00e9s important. A Catalunya tenim el costum de reunir-nos amb una bona taula, amb familiars o amics i amigues i gaudir-lo com toca: Amb un plat de cuina catalana, casolana &amp; tradicional, un bon porr\u00f3 de vi, un senyor cigal\u00f3 i una gran sobretaula amb els qui t&#8217;acompanyen. I si aix\u00f2 \u00e9s en un local, Bar o Restaurant, que per tu sigui ben aut\u00e8ntic i\/o carism\u00e0tic, &#8220;oli en un llum&#8221;. Galtes de porc, &#8220;callos&#8221;, bacall\u00e0, cap i pota, cua de bou, lleteroles, peus de porc, ous ferrats, carns a la brasa, sardines, xipirinons, truites variades, taules d&#8217;embotits &amp; formatges i un llarg etc\u00e8tera, de plats cuinats de diferents maneres, d&#8217;aix\u00f2 a Catalunya en diem: Esmorzars de forquilla!","og_url":"https:\/\/esmorzarsdeforquilla.cat\/","og_site_name":"\ud835\udd70\ud835\udd98\ud835\udd92\ud835\udd94\ud835\udd97\ud835\udd9f\ud835\udd86\ud835\udd97\ud835\udd98 \ud835\udd89\ud835\udd8a \ud835\udd71\ud835\udd94\ud835\udd97\ud835\udd96\ud835\udd9a\ud835\udd8e\ud835\udd91\ud835\udd91\ud835\udd86 \ud835\udd77\ud835\udd91\ud835\udd8a\ud835\udd8e\ud835\udd89\ud835\udd86 &amp; \ud835\udd6e\ud835\udd86\ud835\udd99\ud835\udd86\ud835\udd91\ud835\udd9a\ud835\udd93\ud835\udd9e\ud835\udd86","article_modified_time":"2023-02-15T15:06:49+00:00","og_image":[{"url":"http:\/\/esmorzarsdeforquilla.cat\/wp-content\/uploads\/2022\/01\/cropped-Galtes-vendrell-1024x1024.jpg"}],"twitter_card":"summary_large_image","twitter_misc":{"Temps estimat de lectura":"2 minuts"},"schema":{"@context":"https:\/\/schema.org","@graph":[{"@type":"WebSite","@id":"https:\/\/esmorzarsdeforquilla.cat\/#website","url":"https:\/\/esmorzarsdeforquilla.cat\/","name":"\ud835\udd70\ud835\udd98\ud835\udd92\ud835\udd94\ud835\udd97\ud835\udd9f\ud835\udd86\ud835\udd97\ud835\udd98 \ud835\udd89\ud835\udd8a \ud835\udd71\ud835\udd94\ud835\udd97\ud835\udd96\ud835\udd9a\ud835\udd8e\ud835\udd91\ud835\udd91\ud835\udd86 \ud835\udd77\ud835\udd91\ud835\udd8a\ud835\udd8e\ud835\udd89\ud835\udd86 &amp; \ud835\udd6e\ud835\udd86\ud835\udd99\ud835\udd86\ud835\udd91\ud835\udd9a\ud835\udd93\ud835\udd9e\ud835\udd86","description":"\ud835\udd70\ud835\udd91\ud835\udd98 \ud835\udd92\ud835\udd8e\ud835\udd91\ud835\udd91\ud835\udd94\ud835\udd97\ud835\udd98 \ud835\udd8a\ud835\udd98\ud835\udd92\ud835\udd94\ud835\udd97\ud835\udd9f\ud835\udd86\ud835\udd97\ud835\udd98 \ud835\udd89\ud835\udd8a \ud835\udd8b\ud835\udd94\ud835\udd97\ud835\udd96\ud835\udd9a\ud835\udd8e\ud835\udd91\ud835\udd91\ud835\udd86 \ud835\udd86 \ud835\udd77\ud835\udd91\ud835\udd8a\ud835\udd8e\ud835\udd89\ud835\udd86, \ud835\udd6e\ud835\udd86\ud835\udd99\ud835\udd86\ud835\udd91\ud835\udd9a\ud835\udd93\ud835\udd9e\ud835\udd86 \ud835\udd8e \ud835\udd86\ud835\udd97\ud835\udd97\ud835\udd8a\ud835\udd9a","potentialAction":[{"@type":"SearchAction","target":{"@type":"EntryPoint","urlTemplate":"https:\/\/esmorzarsdeforquilla.cat\/?s={search_term_string}"},"query-input":"required name=search_term_string"}],"inLanguage":"ca"},{"@type":"ImageObject","@id":"https:\/\/esmorzarsdeforquilla.cat\/#primaryimage","inLanguage":"ca","url":"http:\/\/esmorzarsdeforquilla.cat\/wp-content\/uploads\/2022\/01\/cropped-Galtes-vendrell-1024x1024.jpg","contentUrl":"http:\/\/esmorzarsdeforquilla.cat\/wp-content\/uploads\/2022\/01\/cropped-Galtes-vendrell-1024x1024.jpg"},{"@type":"WebPage","@id":"https:\/\/esmorzarsdeforquilla.cat\/#webpage","url":"https:\/\/esmorzarsdeforquilla.cat\/","name":"Qu\u00e8 s\u00f3n els esmorzars de forquilla? - \ud835\udd70\ud835\udd98\ud835\udd92\ud835\udd94\ud835\udd97\ud835\udd9f\ud835\udd86\ud835\udd97\ud835\udd98 \ud835\udd89\ud835\udd8a \ud835\udd71\ud835\udd94\ud835\udd97\ud835\udd96\ud835\udd9a\ud835\udd8e\ud835\udd91\ud835\udd91\ud835\udd86 \ud835\udd77\ud835\udd91\ud835\udd8a\ud835\udd8e\ud835\udd89\ud835\udd86 &amp; \ud835\udd6e\ud835\udd86\ud835\udd99\ud835\udd86\ud835\udd91\ud835\udd9a\ud835\udd93\ud835\udd9e\ud835\udd86","isPartOf":{"@id":"https:\/\/esmorzarsdeforquilla.cat\/#website"},"primaryImageOfPage":{"@id":"https:\/\/esmorzarsdeforquilla.cat\/#primaryimage"},"datePublished":"2022-01-15T10:00:28+00:00","dateModified":"2023-02-15T15:06:49+00:00","breadcrumb":{"@id":"https:\/\/esmorzarsdeforquilla.cat\/#breadcrumb"},"inLanguage":"ca","potentialAction":[{"@type":"ReadAction","target":["https:\/\/esmorzarsdeforquilla.cat\/"]}]},{"@type":"BreadcrumbList","@id":"https:\/\/esmorzarsdeforquilla.cat\/#breadcrumb","itemListElement":[{"@type":"ListItem","position":1,"name":"Inici","item":"https:\/\/esmorzarsdeforquilla.cat\/"},{"@type":"ListItem","position":2,"name":"Qu\u00e8 s\u00f3n els esmorzars de forquilla?"}]}]}},"_links":{"self":[{"href":"https:\/\/esmorzarsdeforquilla.cat\/index.php\/wp-json\/wp\/v2\/pages\/152","targetHints":{"allow":["GET"]}}],"collection":[{"href":"https:\/\/esmorzarsdeforquilla.cat\/index.php\/wp-json\/wp\/v2\/pages"}],"about":[{"href":"https:\/\/esmorzarsdeforquilla.cat\/index.php\/wp-json\/wp\/v2\/types\/page"}],"author":[{"embeddable":true,"href":"https:\/\/esmorzarsdeforquilla.cat\/index.php\/wp-json\/wp\/v2\/users\/1"}],"replies":[{"embeddable":true,"href":"https:\/\/esmorzarsdeforquilla.cat\/index.php\/wp-json\/wp\/v2\/comments?post=152"}],"version-history":[{"count":22,"href":"https:\/\/esmorzarsdeforquilla.cat\/index.php\/wp-json\/wp\/v2\/pages\/152\/revisions"}],"predecessor-version":[{"id":352,"href":"https:\/\/esmorzarsdeforquilla.cat\/index.php\/wp-json\/wp\/v2\/pages\/152\/revisions\/352"}],"wp:attachment":[{"href":"https:\/\/esmorzarsdeforquilla.cat\/index.php\/wp-json\/wp\/v2\/media?parent=152"}],"curies":[{"name":"wp","href":"https:\/\/api.w.org\/{rel}","templated":true}]}}